{"id":16,"date":"2013-04-13T18:37:55","date_gmt":"2013-04-13T16:37:55","guid":{"rendered":"https:\/\/www.speckmarschall.de\/wpr\/wordpress\/?page_id=16"},"modified":"2020-01-01T20:56:18","modified_gmt":"2020-01-01T19:56:18","slug":"lf-106","status":"publish","type":"page","link":"https:\/\/www.feuerwehr-konken.de\/?page_id=16","title":{"rendered":"LF 10\/6"},"content":{"rendered":"<p><strong>Indienststellung:<a href=\"\/wp-content\/uploads\/2013\/04\/33.png\"><img loading=\"lazy\" decoding=\"async\" class=\"size-full wp-image-117 alignright\" src=\"\/wp-content\/uploads\/2013\/04\/33.png\" alt=\"LF\" width=\"410\" height=\"276\" srcset=\"https:\/\/www.feuerwehr-konken.de\/wp-content\/uploads\/2013\/04\/33.png 518w, https:\/\/www.feuerwehr-konken.de\/wp-content\/uploads\/2013\/04\/33-300x202.png 300w\" sizes=\"auto, (max-width: 410px) 100vw, 410px\" \/><\/a><\/strong><br \/>\nDezember 2005 (FFW Konken)<\/p>\n<p>Juni 2018 (FFW Thallichtenberg)<\/p>\n<p><strong>Fahrgestell:<\/strong><br \/>\nMercedes Benz Atego 818F<br \/>\n130kW (177PS)<br \/>\nzGG 8600kg<br \/>\n6-Gang automatisiertes Schaltgetriebe<\/p>\n<p><strong>Aufbau:<\/strong><br \/>\nZiegler<br \/>\nALPAS-Bauweise<br \/>\nZiegler FPN 10-1000<br \/>\n800 Liter Wassertank<br \/>\n120 Liter Schaummittel<br \/>\n9kVA Stromerzeuger Fa. Bosch<br \/>\nBesatzung 1\/8<\/p>\n<p>Die DIN &#8211; Beladung wird durch einen benzinbetriebenen L\u00fcfter, eine Multi-Cut Rettungss\u00e4ge Fa. Husqvarna, hydraulischen Rettungssatz der Fa. Weber, ein Spineboard und zus\u00e4tzliche Beladung f\u00fcr Verkehrsabsicherung erg\u00e4nzt.<\/p>\n","protected":false},"excerpt":{"rendered":"<p>Indienststellung: Dezember 2005 (FFW Konken) Juni 2018 (FFW Thallichtenberg) Fahrgestell: Mercedes Benz Atego 818F 130kW (177PS) zGG 8600kg 6-Gang automatisiertes Schaltgetriebe Aufbau: Ziegler ALPAS-Bauweise Ziegler FPN 10-1000 800 Liter Wassertank 120 Liter Schaummittel 9kVA Stromerzeuger Fa. Bosch Besatzung 1\/8 Die DIN &#8211; Beladung wird durch einen benzinbetriebenen L\u00fcfter, eine Multi-Cut Rettungss\u00e4ge Fa. Husqvarna, hydraulischen Rettungssatz &hellip; <a href=\"https:\/\/www.feuerwehr-konken.de\/?page_id=16\" class=\"more-link\"><span class=\"screen-reader-text\">LF 10\/6<\/span> weiterlesen <span class=\"meta-nav\">&rarr;<\/span><\/a><\/p>\n","protected":false},"author":2,"featured_media":0,"parent":14,"menu_order":3,"comment_status":"closed","ping_status":"closed","template":"","meta":{"footnotes":""},"class_list":["post-16","page","type-page","status-publish","hentry"],"_links":{"self":[{"href":"https:\/\/www.feuerwehr-konken.de\/index.php?rest_route=\/wp\/v2\/pages\/16","targetHints":{"allow":["GET"]}}],"collection":[{"href":"https:\/\/www.feuerwehr-konken.de\/index.php?rest_route=\/wp\/v2\/pages"}],"about":[{"href":"https:\/\/www.feuerwehr-konken.de\/index.php?rest_route=\/wp\/v2\/types\/page"}],"author":[{"embeddable":true,"href":"https:\/\/www.feuerwehr-konken.de\/index.php?rest_route=\/wp\/v2\/users\/2"}],"replies":[{"embeddable":true,"href":"https:\/\/www.feuerwehr-konken.de\/index.php?rest_route=%2Fwp%2Fv2%2Fcomments&post=16"}],"version-history":[{"count":24,"href":"https:\/\/www.feuerwehr-konken.de\/index.php?rest_route=\/wp\/v2\/pages\/16\/revisions"}],"predecessor-version":[{"id":579,"href":"https:\/\/www.feuerwehr-konken.de\/index.php?rest_route=\/wp\/v2\/pages\/16\/revisions\/579"}],"up":[{"embeddable":true,"href":"https:\/\/www.feuerwehr-konken.de\/index.php?rest_route=\/wp\/v2\/pages\/14"}],"wp:attachment":[{"href":"https:\/\/www.feuerwehr-konken.de\/index.php?rest_route=%2Fwp%2Fv2%2Fmedia&parent=16"}],"curies":[{"name":"wp","href":"https:\/\/api.w.org\/{rel}","templated":true}]}}