{"id":30,"date":"2013-04-13T18:49:59","date_gmt":"2013-04-13T16:49:59","guid":{"rendered":"https:\/\/www.speckmarschall.de\/wpr\/wordpress\/?page_id=30"},"modified":"2015-04-25T00:14:32","modified_gmt":"2015-04-24T22:14:32","slug":"gw-g2","status":"publish","type":"page","link":"https:\/\/www.feuerwehr-konken.de\/?page_id=30","title":{"rendered":"GW-G2"},"content":{"rendered":"<p><strong> <a href=\"wp-content\/uploads\/2013\/04\/59.png\"><img loading=\"lazy\" decoding=\"async\" class=\"size-full wp-image-120 alignright\" alt=\"GWG\" src=\"wp-content\/uploads\/2013\/04\/59.png\" width=\"410\" height=\"276\" srcset=\"https:\/\/www.feuerwehr-konken.de\/wp-content\/uploads\/2013\/04\/59.png 518w, https:\/\/www.feuerwehr-konken.de\/wp-content\/uploads\/2013\/04\/59-300x202.png 300w\" sizes=\"auto, (max-width: 410px) 100vw, 410px\" \/><\/a> Indienststellung:<\/strong><br \/>\nAugust 1993 (FFW Kusel)<br \/>\nSeptember 1999 (FFW Konken)<\/p>\n<p><strong>Fahrgestell:<\/strong><br \/>\nMercedes Benz 817F<br \/>\n121kW (165PS)<br \/>\nzGG 8950kg<br \/>\n5-Gang Schaltgetriebe<\/p>\n<p><strong>Aufbau:<\/strong><br \/>\nSchmitz<br \/>\nBesatzung 1\/2<\/p>\n<p>Das Fahrzeug geh\u00f6rt zum Gefahrstoffzug des Landkreis Kusel. Neben verschiedenen Formen von Chemikalienschutzanz\u00fcgen werden mehrere Pumpen zum Umf\u00fcllen von Chemikalien, Auffangwannen, Abdichtmaterial, Messger\u00e4te und umfangreiche Gefahrgutliteratur mitgef\u00fchrt.<\/p>\n","protected":false},"excerpt":{"rendered":"<p>Indienststellung: August 1993 (FFW Kusel) September 1999 (FFW Konken) Fahrgestell: Mercedes Benz 817F 121kW (165PS) zGG 8950kg 5-Gang Schaltgetriebe Aufbau: Schmitz Besatzung 1\/2 Das Fahrzeug geh\u00f6rt zum Gefahrstoffzug des Landkreis Kusel. Neben verschiedenen Formen von Chemikalienschutzanz\u00fcgen werden mehrere Pumpen zum Umf\u00fcllen von Chemikalien, Auffangwannen, Abdichtmaterial, Messger\u00e4te und umfangreiche Gefahrgutliteratur mitgef\u00fchrt.<\/p>\n","protected":false},"author":2,"featured_media":0,"parent":14,"menu_order":1,"comment_status":"closed","ping_status":"closed","template":"","meta":{"footnotes":""},"class_list":["post-30","page","type-page","status-publish","hentry"],"_links":{"self":[{"href":"https:\/\/www.feuerwehr-konken.de\/index.php?rest_route=\/wp\/v2\/pages\/30","targetHints":{"allow":["GET"]}}],"collection":[{"href":"https:\/\/www.feuerwehr-konken.de\/index.php?rest_route=\/wp\/v2\/pages"}],"about":[{"href":"https:\/\/www.feuerwehr-konken.de\/index.php?rest_route=\/wp\/v2\/types\/page"}],"author":[{"embeddable":true,"href":"https:\/\/www.feuerwehr-konken.de\/index.php?rest_route=\/wp\/v2\/users\/2"}],"replies":[{"embeddable":true,"href":"https:\/\/www.feuerwehr-konken.de\/index.php?rest_route=%2Fwp%2Fv2%2Fcomments&post=30"}],"version-history":[{"count":12,"href":"https:\/\/www.feuerwehr-konken.de\/index.php?rest_route=\/wp\/v2\/pages\/30\/revisions"}],"predecessor-version":[{"id":385,"href":"https:\/\/www.feuerwehr-konken.de\/index.php?rest_route=\/wp\/v2\/pages\/30\/revisions\/385"}],"up":[{"embeddable":true,"href":"https:\/\/www.feuerwehr-konken.de\/index.php?rest_route=\/wp\/v2\/pages\/14"}],"wp:attachment":[{"href":"https:\/\/www.feuerwehr-konken.de\/index.php?rest_route=%2Fwp%2Fv2%2Fmedia&parent=30"}],"curies":[{"name":"wp","href":"https:\/\/api.w.org\/{rel}","templated":true}]}}