{"id":36,"date":"2013-04-13T18:52:47","date_gmt":"2013-04-13T16:52:47","guid":{"rendered":"https:\/\/www.speckmarschall.de\/wpr\/wordpress\/?page_id=36"},"modified":"2015-04-25T00:17:36","modified_gmt":"2015-04-24T22:17:36","slug":"36-2","status":"publish","type":"page","link":"https:\/\/www.feuerwehr-konken.de\/?page_id=36","title":{"rendered":"MZF 2"},"content":{"rendered":"<p><strong>Indienststellung:<\/strong><strong><a href=\"wp-content\/uploads\/2013\/04\/36.png\"><img loading=\"lazy\" decoding=\"async\" class=\" wp-image-119 alignright\" src=\"\/wp-content\/uploads\/2013\/04\/36.png\" alt=\"MZF\" width=\"337\" height=\"227\" srcset=\"https:\/\/www.feuerwehr-konken.de\/wp-content\/uploads\/2013\/04\/36.png 518w, https:\/\/www.feuerwehr-konken.de\/wp-content\/uploads\/2013\/04\/36-300x202.png 300w\" sizes=\"auto, (max-width: 337px) 100vw, 337px\" \/><\/a><\/strong><br \/>\nJuni 1993 (FFW Sch\u00f6nenberg-K\u00fcbelberg)<br \/>\nOktober 1999 (FFW Konken)<\/p>\n<p><strong>Fahrgestell:<\/strong><br \/>\nMercedes Benz 709D<br \/>\n63kW (85PS)<br \/>\nzGM 6450kg<br \/>\n5-Gang Schaltgetriebe<\/p>\n<p><strong>Aufbau:<\/strong><br \/>\nMichels Karosseriebau<br \/>\nDautel Ladebordwand DLB 750<br \/>\nBesatzung 1\/5<\/p>\n<p>Urspr\u00fcnglich wurde das Fahrzeug als MZF-Dekon f\u00fcr den Gefahrstoffzug beschafft, nach Indienststellung des Dekon-P kam das Fahrzeug zur FF Konken und dient sowohl f\u00fcr den Gefahrstoffzug als auch f\u00fcr die FF Konken als Transportfahrzeug, ebenso als Sicherungsfahrzeug f\u00fcr Autobahneins\u00e4tze. Hierf\u00fcr wurde die Beladung um einen TriBlitz sowie Verkehrssicherungsmaterial erg\u00e4nzt.<\/p>\n","protected":false},"excerpt":{"rendered":"<p>Indienststellung: Juni 1993 (FFW Sch\u00f6nenberg-K\u00fcbelberg) Oktober 1999 (FFW Konken) Fahrgestell: Mercedes Benz 709D 63kW (85PS) zGM 6450kg 5-Gang Schaltgetriebe Aufbau: Michels Karosseriebau Dautel Ladebordwand DLB 750 Besatzung 1\/5 Urspr\u00fcnglich wurde das Fahrzeug als MZF-Dekon f\u00fcr den Gefahrstoffzug beschafft, nach Indienststellung des Dekon-P kam das Fahrzeug zur FF Konken und dient sowohl f\u00fcr den Gefahrstoffzug als &hellip; <a href=\"https:\/\/www.feuerwehr-konken.de\/?page_id=36\" class=\"more-link\"><span class=\"screen-reader-text\">MZF 2<\/span> weiterlesen <span class=\"meta-nav\">&rarr;<\/span><\/a><\/p>\n","protected":false},"author":2,"featured_media":0,"parent":14,"menu_order":2,"comment_status":"closed","ping_status":"closed","template":"","meta":{"footnotes":""},"class_list":["post-36","page","type-page","status-publish","hentry"],"_links":{"self":[{"href":"https:\/\/www.feuerwehr-konken.de\/index.php?rest_route=\/wp\/v2\/pages\/36","targetHints":{"allow":["GET"]}}],"collection":[{"href":"https:\/\/www.feuerwehr-konken.de\/index.php?rest_route=\/wp\/v2\/pages"}],"about":[{"href":"https:\/\/www.feuerwehr-konken.de\/index.php?rest_route=\/wp\/v2\/types\/page"}],"author":[{"embeddable":true,"href":"https:\/\/www.feuerwehr-konken.de\/index.php?rest_route=\/wp\/v2\/users\/2"}],"replies":[{"embeddable":true,"href":"https:\/\/www.feuerwehr-konken.de\/index.php?rest_route=%2Fwp%2Fv2%2Fcomments&post=36"}],"version-history":[{"count":11,"href":"https:\/\/www.feuerwehr-konken.de\/index.php?rest_route=\/wp\/v2\/pages\/36\/revisions"}],"predecessor-version":[{"id":392,"href":"https:\/\/www.feuerwehr-konken.de\/index.php?rest_route=\/wp\/v2\/pages\/36\/revisions\/392"}],"up":[{"embeddable":true,"href":"https:\/\/www.feuerwehr-konken.de\/index.php?rest_route=\/wp\/v2\/pages\/14"}],"wp:attachment":[{"href":"https:\/\/www.feuerwehr-konken.de\/index.php?rest_route=%2Fwp%2Fv2%2Fmedia&parent=36"}],"curies":[{"name":"wp","href":"https:\/\/api.w.org\/{rel}","templated":true}]}}