{"id":667,"date":"2022-01-06T21:03:55","date_gmt":"2022-01-06T20:03:55","guid":{"rendered":"https:\/\/www.feuerwehr-konken.de\/?page_id=667"},"modified":"2024-05-19T12:29:01","modified_gmt":"2024-05-19T10:29:01","slug":"galerie","status":"publish","type":"page","link":"https:\/\/www.feuerwehr-konken.de\/?page_id=667","title":{"rendered":"Galerie"},"content":{"rendered":"\n<p class=\"has-text-align-center\"><strong>Aktivit\u00e4ten und Projekte<\/strong><\/p>\n\n\n\n<div class=\"wp-block-group\"><div class=\"wp-block-group__inner-container is-layout-constrained wp-block-group-is-layout-constrained\">\n<figure class=\"wp-block-gallery has-nested-images columns-default is-cropped wp-block-gallery-1 is-layout-flex wp-block-gallery-is-layout-flex\">\n<figure class=\"wp-block-image size-large\"><a href=\"https:\/\/www.feuerwehr-konken.de\/wp-content\/uploads\/2024\/05\/Hexennacht-1.Mai-2024.jpg\"><img loading=\"lazy\" decoding=\"async\" width=\"682\" height=\"1024\" data-id=\"1004\" src=\"https:\/\/www.feuerwehr-konken.de\/wp-content\/uploads\/2024\/05\/Hexennacht-1.Mai-2024-682x1024.jpg\" alt=\"\" class=\"wp-image-1004\" srcset=\"https:\/\/www.feuerwehr-konken.de\/wp-content\/uploads\/2024\/05\/Hexennacht-1.Mai-2024-682x1024.jpg 682w, https:\/\/www.feuerwehr-konken.de\/wp-content\/uploads\/2024\/05\/Hexennacht-1.Mai-2024-200x300.jpg 200w, https:\/\/www.feuerwehr-konken.de\/wp-content\/uploads\/2024\/05\/Hexennacht-1.Mai-2024-768x1152.jpg 768w, https:\/\/www.feuerwehr-konken.de\/wp-content\/uploads\/2024\/05\/Hexennacht-1.Mai-2024-1024x1536.jpg 1024w, https:\/\/www.feuerwehr-konken.de\/wp-content\/uploads\/2024\/05\/Hexennacht-1.Mai-2024.jpg 1333w\" sizes=\"auto, (max-width: 682px) 100vw, 682px\" \/><\/a><\/figure>\n\n\n\n<figure class=\"wp-block-image size-large\"><a href=\"https:\/\/www.feuerwehr-konken.de\/wp-content\/uploads\/2023\/09\/Kinderfinder-1.png\"><img loading=\"lazy\" decoding=\"async\" width=\"724\" height=\"1024\" data-id=\"961\" src=\"https:\/\/www.feuerwehr-konken.de\/wp-content\/uploads\/2023\/09\/Kinderfinder-1-724x1024.png\" alt=\"\" class=\"wp-image-961\" srcset=\"https:\/\/www.feuerwehr-konken.de\/wp-content\/uploads\/2023\/09\/Kinderfinder-1-724x1024.png 724w, https:\/\/www.feuerwehr-konken.de\/wp-content\/uploads\/2023\/09\/Kinderfinder-1-212x300.png 212w, https:\/\/www.feuerwehr-konken.de\/wp-content\/uploads\/2023\/09\/Kinderfinder-1-768x1086.png 768w, https:\/\/www.feuerwehr-konken.de\/wp-content\/uploads\/2023\/09\/Kinderfinder-1-1086x1536.png 1086w, https:\/\/www.feuerwehr-konken.de\/wp-content\/uploads\/2023\/09\/Kinderfinder-1.png 1414w\" sizes=\"auto, (max-width: 724px) 100vw, 724px\" \/><\/a><\/figure>\n<\/figure>\n<\/div><\/div>\n\n\n\n<div class=\"wp-block-columns is-layout-flex wp-container-core-columns-is-layout-9d6595d7 wp-block-columns-is-layout-flex\">\n<div class=\"wp-block-column is-layout-flow wp-block-column-is-layout-flow\">\n<figure class=\"wp-block-gallery has-nested-images columns-default is-cropped wp-block-gallery-2 is-layout-flex wp-block-gallery-is-layout-flex\">\n<figure class=\"wp-block-image size-large\"><a href=\"https:\/\/www.feuerwehr-konken.de\/wp-content\/uploads\/2022\/09\/spende-gs-1.png\"><img decoding=\"async\" data-id=\"874\" src=\"https:\/\/www.feuerwehr-konken.de\/wp-content\/uploads\/2022\/09\/spende-gs-1.png\" alt=\"\" class=\"wp-image-874\"\/><\/a><\/figure>\n\n\n\n<figure class=\"wp-block-image size-large\"><a href=\"https:\/\/www.feuerwehr-konken.de\/wp-content\/uploads\/2022\/09\/spende-kiga-1.png\"><img decoding=\"async\" data-id=\"873\" src=\"https:\/\/www.feuerwehr-konken.de\/wp-content\/uploads\/2022\/09\/spende-kiga-1.png\" alt=\"\" class=\"wp-image-873\"\/><\/a><\/figure>\n<figcaption class=\"blocks-gallery-caption wp-element-caption\"><strong>Am 21.09.2022 waren wir in der Grundschule und im Kindergarten Konken und haben dort die Kinder, Lehrer und Erzieher mit tollen Spielzeugspenden \u00fcberrascht.                 Wir w\u00fcnschen den Kindern sehr viel Spa\u00df mit den neuen Spielsachen.<\/strong><\/figcaption><\/figure>\n<\/div>\n<\/div>\n\n\n\n<div class=\"wp-block-columns are-vertically-aligned-top is-layout-flex wp-container-core-columns-is-layout-9d6595d7 wp-block-columns-is-layout-flex\">\n<div class=\"wp-block-column is-vertically-aligned-top is-layout-flow wp-block-column-is-layout-flow\" style=\"flex-basis:100%\">\n<div class=\"wp-block-group\"><div class=\"wp-block-group__inner-container is-layout-flow wp-block-group-is-layout-flow\">\n<div class=\"wp-block-columns is-layout-flex wp-container-core-columns-is-layout-9d6595d7 wp-block-columns-is-layout-flex\">\n<div class=\"wp-block-column is-layout-flow wp-block-column-is-layout-flow\" style=\"flex-basis:100%\">\n<figure class=\"wp-block-gallery has-nested-images columns-default is-cropped wp-block-gallery-3 is-layout-flex wp-block-gallery-is-layout-flex\">\n<figure class=\"wp-block-image size-large\"><a href=\"https:\/\/www.feuerwehr-konken.de\/wp-content\/uploads\/2022\/03\/FB1.png\"><img loading=\"lazy\" decoding=\"async\" width=\"940\" height=\"788\" data-id=\"789\" src=\"https:\/\/www.feuerwehr-konken.de\/wp-content\/uploads\/2022\/03\/FB1.png\" alt=\"\" class=\"wp-image-789\" srcset=\"https:\/\/www.feuerwehr-konken.de\/wp-content\/uploads\/2022\/03\/FB1.png 940w, https:\/\/www.feuerwehr-konken.de\/wp-content\/uploads\/2022\/03\/FB1-300x251.png 300w, https:\/\/www.feuerwehr-konken.de\/wp-content\/uploads\/2022\/03\/FB1-768x644.png 768w\" sizes=\"auto, (max-width: 940px) 100vw, 940px\" \/><\/a><\/figure>\n\n\n\n<figure class=\"wp-block-image size-large\"><a href=\"https:\/\/www.feuerwehr-konken.de\/wp-content\/uploads\/2022\/03\/FB2.png\"><img loading=\"lazy\" decoding=\"async\" width=\"940\" height=\"788\" data-id=\"790\" src=\"https:\/\/www.feuerwehr-konken.de\/wp-content\/uploads\/2022\/03\/FB2.png\" alt=\"\" class=\"wp-image-790\" srcset=\"https:\/\/www.feuerwehr-konken.de\/wp-content\/uploads\/2022\/03\/FB2.png 940w, https:\/\/www.feuerwehr-konken.de\/wp-content\/uploads\/2022\/03\/FB2-300x251.png 300w, https:\/\/www.feuerwehr-konken.de\/wp-content\/uploads\/2022\/03\/FB2-768x644.png 768w\" sizes=\"auto, (max-width: 940px) 100vw, 940px\" \/><\/a><\/figure>\n<figcaption class=\"blocks-gallery-caption wp-element-caption\"><strong>Bei der Haribo Vereinsfreude Aktion haben wir ein Naschpaket gewonnen.<\/strong><br><strong>Die Feuerwehr und Jugendfeuerwehr haben sich sehr dar\u00fcber gefreut.<\/strong><\/figcaption><\/figure>\n<\/div>\n<\/div>\n<\/div><\/div>\n<\/div>\n<\/div>\n\n\n\n<figure class=\"wp-block-gallery has-nested-images columns-default is-cropped wp-block-gallery-4 is-layout-flex wp-block-gallery-is-layout-flex\">\n<figure class=\"wp-block-image size-large\"><a href=\"https:\/\/www.feuerwehr-konken.de\/wp-content\/uploads\/2022\/01\/Laptop.png\"><img loading=\"lazy\" decoding=\"async\" width=\"1414\" height=\"2000\" data-id=\"773\" src=\"http:\/\/www.feuerwehr-konken.de\/wp-content\/uploads\/2022\/01\/Laptop.png\" alt=\"\" class=\"wp-image-773\" srcset=\"https:\/\/www.feuerwehr-konken.de\/wp-content\/uploads\/2022\/01\/Laptop.png 1414w, https:\/\/www.feuerwehr-konken.de\/wp-content\/uploads\/2022\/01\/Laptop-212x300.png 212w, https:\/\/www.feuerwehr-konken.de\/wp-content\/uploads\/2022\/01\/Laptop-724x1024.png 724w, https:\/\/www.feuerwehr-konken.de\/wp-content\/uploads\/2022\/01\/Laptop-768x1086.png 768w, https:\/\/www.feuerwehr-konken.de\/wp-content\/uploads\/2022\/01\/Laptop-1086x1536.png 1086w\" sizes=\"auto, (max-width: 1414px) 100vw, 1414px\" \/><\/a><\/figure>\n\n\n\n<figure class=\"wp-block-image size-large\"><a href=\"https:\/\/www.feuerwehr-konken.de\/wp-content\/uploads\/2021\/09\/Spardahilft-Homepage-scaled.jpg\"><img loading=\"lazy\" decoding=\"async\" width=\"1810\" height=\"2560\" data-id=\"733\" src=\"http:\/\/www.feuerwehr-konken.de\/wp-content\/uploads\/2021\/09\/Spardahilft-Homepage-scaled.jpg\" alt=\"\" class=\"wp-image-733\" srcset=\"https:\/\/www.feuerwehr-konken.de\/wp-content\/uploads\/2021\/09\/Spardahilft-Homepage-scaled.jpg 1810w, https:\/\/www.feuerwehr-konken.de\/wp-content\/uploads\/2021\/09\/Spardahilft-Homepage-212x300.jpg 212w, https:\/\/www.feuerwehr-konken.de\/wp-content\/uploads\/2021\/09\/Spardahilft-Homepage-724x1024.jpg 724w, https:\/\/www.feuerwehr-konken.de\/wp-content\/uploads\/2021\/09\/Spardahilft-Homepage-768x1086.jpg 768w, https:\/\/www.feuerwehr-konken.de\/wp-content\/uploads\/2021\/09\/Spardahilft-Homepage-1086x1536.jpg 1086w, https:\/\/www.feuerwehr-konken.de\/wp-content\/uploads\/2021\/09\/Spardahilft-Homepage-1448x2048.jpg 1448w\" sizes=\"auto, (max-width: 1810px) 100vw, 1810px\" \/><\/a><\/figure>\n<\/figure>\n\n\n\n<figure class=\"wp-block-gallery has-nested-images columns-default is-cropped wp-block-gallery-5 is-layout-flex wp-block-gallery-is-layout-flex\">\n<figure class=\"wp-block-image size-large\"><a href=\"https:\/\/www.feuerwehr-konken.de\/wp-content\/uploads\/2021\/09\/0001-scaled.jpg\"><img loading=\"lazy\" decoding=\"async\" width=\"768\" height=\"1024\" data-id=\"720\" src=\"http:\/\/www.feuerwehr-konken.de\/wp-content\/uploads\/2021\/09\/0001-768x1024.jpg\" alt=\"\" class=\"wp-image-720\" srcset=\"https:\/\/www.feuerwehr-konken.de\/wp-content\/uploads\/2021\/09\/0001-768x1024.jpg 768w, https:\/\/www.feuerwehr-konken.de\/wp-content\/uploads\/2021\/09\/0001-225x300.jpg 225w, https:\/\/www.feuerwehr-konken.de\/wp-content\/uploads\/2021\/09\/0001-1152x1536.jpg 1152w, https:\/\/www.feuerwehr-konken.de\/wp-content\/uploads\/2021\/09\/0001-1536x2048.jpg 1536w, https:\/\/www.feuerwehr-konken.de\/wp-content\/uploads\/2021\/09\/0001-scaled.jpg 1920w\" sizes=\"auto, (max-width: 768px) 100vw, 768px\" \/><\/a><figcaption class=\"wp-element-caption\"><br><\/figcaption><\/figure>\n\n\n\n<figure class=\"wp-block-image size-large\"><a href=\"https:\/\/www.feuerwehr-konken.de\/wp-content\/uploads\/2021\/09\/Haribo-FwFv-hoch-scaled.jpg\"><img loading=\"lazy\" decoding=\"async\" width=\"724\" height=\"1024\" data-id=\"736\" src=\"http:\/\/www.feuerwehr-konken.de\/wp-content\/uploads\/2021\/09\/Haribo-FwFv-hoch-724x1024.jpg\" alt=\"\" class=\"wp-image-736\" srcset=\"https:\/\/www.feuerwehr-konken.de\/wp-content\/uploads\/2021\/09\/Haribo-FwFv-hoch-724x1024.jpg 724w, https:\/\/www.feuerwehr-konken.de\/wp-content\/uploads\/2021\/09\/Haribo-FwFv-hoch-212x300.jpg 212w, https:\/\/www.feuerwehr-konken.de\/wp-content\/uploads\/2021\/09\/Haribo-FwFv-hoch-768x1086.jpg 768w, https:\/\/www.feuerwehr-konken.de\/wp-content\/uploads\/2021\/09\/Haribo-FwFv-hoch-1086x1536.jpg 1086w, https:\/\/www.feuerwehr-konken.de\/wp-content\/uploads\/2021\/09\/Haribo-FwFv-hoch-1448x2048.jpg 1448w, https:\/\/www.feuerwehr-konken.de\/wp-content\/uploads\/2021\/09\/Haribo-FwFv-hoch-scaled.jpg 1810w\" sizes=\"auto, (max-width: 724px) 100vw, 724px\" \/><\/a><\/figure>\n<\/figure>\n","protected":false},"excerpt":{"rendered":"<p>Aktivit\u00e4ten und Projekte<\/p>\n","protected":false},"author":6,"featured_media":0,"parent":63,"menu_order":5,"comment_status":"closed","ping_status":"closed","template":"","meta":{"footnotes":""},"class_list":["post-667","page","type-page","status-publish","hentry"],"_links":{"self":[{"href":"https:\/\/www.feuerwehr-konken.de\/index.php?rest_route=\/wp\/v2\/pages\/667","targetHints":{"allow":["GET"]}}],"collection":[{"href":"https:\/\/www.feuerwehr-konken.de\/index.php?rest_route=\/wp\/v2\/pages"}],"about":[{"href":"https:\/\/www.feuerwehr-konken.de\/index.php?rest_route=\/wp\/v2\/types\/page"}],"author":[{"embeddable":true,"href":"https:\/\/www.feuerwehr-konken.de\/index.php?rest_route=\/wp\/v2\/users\/6"}],"replies":[{"embeddable":true,"href":"https:\/\/www.feuerwehr-konken.de\/index.php?rest_route=%2Fwp%2Fv2%2Fcomments&post=667"}],"version-history":[{"count":14,"href":"https:\/\/www.feuerwehr-konken.de\/index.php?rest_route=\/wp\/v2\/pages\/667\/revisions"}],"predecessor-version":[{"id":1005,"href":"https:\/\/www.feuerwehr-konken.de\/index.php?rest_route=\/wp\/v2\/pages\/667\/revisions\/1005"}],"up":[{"embeddable":true,"href":"https:\/\/www.feuerwehr-konken.de\/index.php?rest_route=\/wp\/v2\/pages\/63"}],"wp:attachment":[{"href":"https:\/\/www.feuerwehr-konken.de\/index.php?rest_route=%2Fwp%2Fv2%2Fmedia&parent=667"}],"curies":[{"name":"wp","href":"https:\/\/api.w.org\/{rel}","templated":true}]}}